{"id":80,"date":"2026-01-29T16:05:19","date_gmt":"2026-01-29T16:05:19","guid":{"rendered":"https:\/\/patrishop.rkinformatika.online\/inicio\/"},"modified":"2026-02-02T11:19:08","modified_gmt":"2026-02-02T11:19:08","slug":"inicio","status":"publish","type":"page","link":"https:\/\/patrishop.com\/eu\/","title":{"rendered":"Hasiera"},"content":{"rendered":"\t\t<div data-elementor-type=\"wp-page\" data-elementor-id=\"80\" class=\"elementor elementor-80\" data-elementor-post-type=\"page\">\n\t\t\t\t<div class=\"elementor-element elementor-element-50755331 e-con-full e-flex e-con e-parent\" data-id=\"50755331\" data-element_type=\"container\" data-e-type=\"container\" data-settings=\"{&quot;background_background&quot;:&quot;classic&quot;}\">\n\t\t<div class=\"elementor-element elementor-element-6e403384 e-flex e-con-boxed e-con e-child\" data-id=\"6e403384\" data-element_type=\"container\" data-e-type=\"container\">\n\t\t\t\t\t<div class=\"e-con-inner\">\n\t\t\t\t<div class=\"elementor-element elementor-element-73cd3126 elementor-widget elementor-widget-text-editor\" data-id=\"73cd3126\" data-element_type=\"widget\" data-e-type=\"widget\" data-widget_type=\"text-editor.default\">\n\t\t\t\t\t\t\t\t\t<h1 style=\"line-height: 1.3;\"><span style=\"color: #f2f4ec;\">Tu tienda del barrio, <\/span><span style=\"color: #f2f4ec;\"><img decoding=\"async\" class=\"hero-images hero-image-1\" style=\"height: 50px; width: 50px; border-radius: 12px; vertical-align: middle; margin: 0 5px;\" src=\"\/wp-content\/uploads\/2026\/02\/store-3d-icon-png-download-4246334-e1770024284260.webp\" \/><br>\n<span style=\"border-radius: 50%;\">con todo lo que necesitas\n<img decoding=\"async\" class=\"hero-images hero-image-2\" style=\"height: 50px; width: 50px; border-radius: 50%; vertical-align: middle; margin: 0 5px;\" src=\"\/wp-content\/uploads\/2026\/02\/3d-shopping-cart-in-blue-perfect-for-e-commerce-retail-or-grocery-store-visuals-ideal-for-websites-advertisements-and-promotional-materials-to-attract-online-shoppers-png.png\" \/><\/span><\/span><span style=\"color: #f2f4ec; font-family: elsie;\"><i>\u00a0<\/i><\/span><span style=\"color: #f2f4ec; font-family: elsie;\"><i>cada d\u00eda.<\/i><\/span><\/h1>\t\t\t\t\t\t\t\t<\/div>\n\t\t\t\t<div class=\"elementor-element elementor-element-4a7fbe8 elementor-widget elementor-widget-text-editor\" data-id=\"4a7fbe8\" data-element_type=\"widget\" data-e-type=\"widget\" data-widget_type=\"text-editor.default\">\n\t\t\t\t\t\t\t\t\t<p>Sabemos que a veces lo que buscas parece peque\u00f1o, pero cuando no lo encuentras se convierte en un problema. En Patrishop estamos para ayudarte a resolver el d\u00eda a d\u00eda con cercan\u00eda, variedad y atenci\u00f3n siempre dispuesta, para que encuentres todo en un mismo lugar, sin complicaciones.<\/p>\t\t\t\t\t\t\t\t<\/div>\n\t\t<div class=\"elementor-element elementor-element-52eb8a70 e-con-full e-flex e-con e-child\" data-id=\"52eb8a70\" data-element_type=\"container\" data-e-type=\"container\">\n\t\t\t\t<div class=\"elementor-element elementor-element-19b2965d elementor-widget elementor-widget-button\" data-id=\"19b2965d\" data-element_type=\"widget\" data-e-type=\"widget\" data-widget_type=\"button.default\">\n\t\t\t\t\t\t\t\t\t\t<a class=\"elementor-button elementor-button-link elementor-size-sm\" href=\"\/contacto\">\n\t\t\t\t\t\t<span class=\"elementor-button-content-wrapper\">\n\t\t\t\t\t\t\t\t\t<span class=\"elementor-button-text\">Ven a visitarnos<\/span>\n\t\t\t\t\t<\/span>\n\t\t\t\t\t<\/a>\n\t\t\t\t\t\t\t\t<\/div>\n\t\t\t\t<div class=\"elementor-element elementor-element-1d4ce7e6 elementor-widget elementor-widget-button\" data-id=\"1d4ce7e6\" data-element_type=\"widget\" data-e-type=\"widget\" data-widget_type=\"button.default\">\n\t\t\t\t\t\t\t\t\t\t<a class=\"elementor-button elementor-button-link elementor-size-sm\" href=\"\/servicios\">\n\t\t\t\t\t\t<span class=\"elementor-button-content-wrapper\">\n\t\t\t\t\t\t\t\t\t<span class=\"elementor-button-text\">Ver servicios  \u27f6<\/span>\n\t\t\t\t\t<\/span>\n\t\t\t\t\t<\/a>\n\t\t\t\t\t\t\t\t<\/div>\n\t\t\t\t<\/div>\n\t\t\t\t\t<\/div>\n\t\t\t\t<\/div>\n\t\t<div class=\"elementor-element elementor-element-148a0d21 e-flex e-con-boxed e-con e-child\" data-id=\"148a0d21\" data-element_type=\"container\" data-e-type=\"container\" data-settings=\"{&quot;background_background&quot;:&quot;slideshow&quot;,&quot;background_slideshow_gallery&quot;:[{&quot;id&quot;:133,&quot;url&quot;:&quot;https:\\\/\\\/patrishop.com\\\/wp-content\\\/uploads\\\/2026\\\/01\\\/patrisshop2.webp&quot;},{&quot;id&quot;:134,&quot;url&quot;:&quot;https:\\\/\\\/patrishop.com\\\/wp-content\\\/uploads\\\/2026\\\/01\\\/patrisshop.webp&quot;}],&quot;background_slideshow_lazyload&quot;:&quot;yes&quot;,&quot;background_slideshow_ken_burns&quot;:&quot;yes&quot;,&quot;background_slideshow_loop&quot;:&quot;yes&quot;,&quot;background_slideshow_slide_duration&quot;:5000,&quot;background_slideshow_slide_transition&quot;:&quot;fade&quot;,&quot;background_slideshow_transition_duration&quot;:500,&quot;background_slideshow_ken_burns_zoom_direction&quot;:&quot;in&quot;}\">\n\t\t\t\t\t<div class=\"e-con-inner\">\n\t\t\t\t\t<\/div>\n\t\t\t\t<\/div>\n\t\t\t\t<\/div>\n\t\t\t\t<\/div>\n\t\t","protected":false},"excerpt":{"rendered":"<p>Tu tienda del barrio, con todo lo que necesitas \u00a0cada d\u00eda. Sabemos que a veces lo que buscas parece peque\u00f1o, pero cuando no lo encuentras se convierte en un problema. En Patrishop estamos para ayudarte a resolver el d\u00eda a d\u00eda con cercan\u00eda, variedad y atenci\u00f3n siempre dispuesta, para que encuentres todo en un mismo [&hellip;]<\/p>\n","protected":false},"author":1,"featured_media":0,"parent":0,"menu_order":0,"comment_status":"closed","ping_status":"closed","template":"elementor_canvas","meta":{"footnotes":""},"class_list":["post-80","page","type-page","status-publish","hentry"],"yoast_head":"<!-- This site is optimized with the Yoast SEO plugin v27.4 - https:\/\/yoast.com\/product\/yoast-seo-wordpress\/ -->\n<title>Inicio - PatriShop<\/title>\n<meta name=\"robots\" content=\"index, follow, max-snippet:-1, max-image-preview:large, max-video-preview:-1\" \/>\n<link rel=\"canonical\" href=\"https:\/\/patrishop.com\/eu\/\" \/>\n<meta property=\"og:locale\" content=\"en_US\" \/>\n<meta property=\"og:type\" content=\"article\" \/>\n<meta property=\"og:title\" content=\"Inicio - PatriShop\" \/>\n<meta property=\"og:description\" content=\"Tu tienda del barrio, con todo lo que necesitas \u00a0cada d\u00eda. Sabemos que a veces lo que buscas parece peque\u00f1o, pero cuando no lo encuentras se convierte en un problema. En Patrishop estamos para ayudarte a resolver el d\u00eda a d\u00eda con cercan\u00eda, variedad y atenci\u00f3n siempre dispuesta, para que encuentres todo en un mismo [&hellip;]\" \/>\n<meta property=\"og:url\" content=\"https:\/\/patrishop.com\/eu\/\" \/>\n<meta property=\"og:site_name\" content=\"PatriShop\" \/>\n<meta property=\"article:modified_time\" content=\"2026-02-02T11:19:08+00:00\" \/>\n<meta name=\"twitter:card\" content=\"summary_large_image\" \/>\n<meta name=\"twitter:label1\" content=\"Est. reading time\" \/>\n\t<meta name=\"twitter:data1\" content=\"1 minutua\" \/>\n<script type=\"application\/ld+json\" class=\"yoast-schema-graph\">{\"@context\":\"https:\\\/\\\/schema.org\",\"@graph\":[{\"@type\":\"WebPage\",\"@id\":\"https:\\\/\\\/patrishop.com\\\/\",\"url\":\"https:\\\/\\\/patrishop.com\\\/\",\"name\":\"Inicio - PatriShop\",\"isPartOf\":{\"@id\":\"https:\\\/\\\/patrishop.com\\\/#website\"},\"datePublished\":\"2026-01-29T16:05:19+00:00\",\"dateModified\":\"2026-02-02T11:19:08+00:00\",\"breadcrumb\":{\"@id\":\"https:\\\/\\\/patrishop.com\\\/#breadcrumb\"},\"inLanguage\":\"eu\",\"potentialAction\":[{\"@type\":\"ReadAction\",\"target\":[\"https:\\\/\\\/patrishop.com\\\/\"]}]},{\"@type\":\"BreadcrumbList\",\"@id\":\"https:\\\/\\\/patrishop.com\\\/#breadcrumb\",\"itemListElement\":[{\"@type\":\"ListItem\",\"position\":1,\"name\":\"Portada\",\"item\":\"https:\\\/\\\/patrishop.com\\\/\"},{\"@type\":\"ListItem\",\"position\":2,\"name\":\"Inicio\"}]},{\"@type\":\"WebSite\",\"@id\":\"https:\\\/\\\/patrishop.com\\\/#website\",\"url\":\"https:\\\/\\\/patrishop.com\\\/\",\"name\":\"PatriShop\",\"description\":\"\",\"publisher\":{\"@id\":\"https:\\\/\\\/patrishop.com\\\/#organization\"},\"potentialAction\":[{\"@type\":\"SearchAction\",\"target\":{\"@type\":\"EntryPoint\",\"urlTemplate\":\"https:\\\/\\\/patrishop.com\\\/?s={search_term_string}\"},\"query-input\":{\"@type\":\"PropertyValueSpecification\",\"valueRequired\":true,\"valueName\":\"search_term_string\"}}],\"inLanguage\":\"eu\"},{\"@type\":\"Organization\",\"@id\":\"https:\\\/\\\/patrishop.com\\\/#organization\",\"name\":\"PatriShop\",\"url\":\"https:\\\/\\\/patrishop.com\\\/\",\"logo\":{\"@type\":\"ImageObject\",\"inLanguage\":\"eu\",\"@id\":\"https:\\\/\\\/patrishop.com\\\/#\\\/schema\\\/logo\\\/image\\\/\",\"url\":\"https:\\\/\\\/patrishop.com\\\/wp-content\\\/uploads\\\/2026\\\/01\\\/cropped-xiaojunwusanturtzi202506_logo_web.png\",\"contentUrl\":\"https:\\\/\\\/patrishop.com\\\/wp-content\\\/uploads\\\/2026\\\/01\\\/cropped-xiaojunwusanturtzi202506_logo_web.png\",\"width\":2248,\"height\":783,\"caption\":\"PatriShop\"},\"image\":{\"@id\":\"https:\\\/\\\/patrishop.com\\\/#\\\/schema\\\/logo\\\/image\\\/\"}}]}<\/script>\n<!-- \/ Yoast SEO plugin. -->","yoast_head_json":{"title":"Inicio - PatriShop","robots":{"index":"index","follow":"follow","max-snippet":"max-snippet:-1","max-image-preview":"max-image-preview:large","max-video-preview":"max-video-preview:-1"},"canonical":"https:\/\/patrishop.com\/eu\/","og_locale":"en_US","og_type":"article","og_title":"Inicio - PatriShop","og_description":"Tu tienda del barrio, con todo lo que necesitas \u00a0cada d\u00eda. Sabemos que a veces lo que buscas parece peque\u00f1o, pero cuando no lo encuentras se convierte en un problema. En Patrishop estamos para ayudarte a resolver el d\u00eda a d\u00eda con cercan\u00eda, variedad y atenci\u00f3n siempre dispuesta, para que encuentres todo en un mismo [&hellip;]","og_url":"https:\/\/patrishop.com\/eu\/","og_site_name":"PatriShop","article_modified_time":"2026-02-02T11:19:08+00:00","twitter_card":"summary_large_image","twitter_misc":{"Est. reading time":"1 minutua"},"schema":{"@context":"https:\/\/schema.org","@graph":[{"@type":"WebPage","@id":"https:\/\/patrishop.com\/","url":"https:\/\/patrishop.com\/","name":"Inicio - PatriShop","isPartOf":{"@id":"https:\/\/patrishop.com\/#website"},"datePublished":"2026-01-29T16:05:19+00:00","dateModified":"2026-02-02T11:19:08+00:00","breadcrumb":{"@id":"https:\/\/patrishop.com\/#breadcrumb"},"inLanguage":"eu","potentialAction":[{"@type":"ReadAction","target":["https:\/\/patrishop.com\/"]}]},{"@type":"BreadcrumbList","@id":"https:\/\/patrishop.com\/#breadcrumb","itemListElement":[{"@type":"ListItem","position":1,"name":"Portada","item":"https:\/\/patrishop.com\/"},{"@type":"ListItem","position":2,"name":"Inicio"}]},{"@type":"WebSite","@id":"https:\/\/patrishop.com\/#website","url":"https:\/\/patrishop.com\/","name":"PatriShop","description":"","publisher":{"@id":"https:\/\/patrishop.com\/#organization"},"potentialAction":[{"@type":"SearchAction","target":{"@type":"EntryPoint","urlTemplate":"https:\/\/patrishop.com\/?s={search_term_string}"},"query-input":{"@type":"PropertyValueSpecification","valueRequired":true,"valueName":"search_term_string"}}],"inLanguage":"eu"},{"@type":"Organization","@id":"https:\/\/patrishop.com\/#organization","name":"PatriShop","url":"https:\/\/patrishop.com\/","logo":{"@type":"ImageObject","inLanguage":"eu","@id":"https:\/\/patrishop.com\/#\/schema\/logo\/image\/","url":"https:\/\/patrishop.com\/wp-content\/uploads\/2026\/01\/cropped-xiaojunwusanturtzi202506_logo_web.png","contentUrl":"https:\/\/patrishop.com\/wp-content\/uploads\/2026\/01\/cropped-xiaojunwusanturtzi202506_logo_web.png","width":2248,"height":783,"caption":"PatriShop"},"image":{"@id":"https:\/\/patrishop.com\/#\/schema\/logo\/image\/"}}]}},"_links":{"self":[{"href":"https:\/\/patrishop.com\/eu\/wp-json\/wp\/v2\/pages\/80","targetHints":{"allow":["GET"]}}],"collection":[{"href":"https:\/\/patrishop.com\/eu\/wp-json\/wp\/v2\/pages"}],"about":[{"href":"https:\/\/patrishop.com\/eu\/wp-json\/wp\/v2\/types\/page"}],"author":[{"embeddable":true,"href":"https:\/\/patrishop.com\/eu\/wp-json\/wp\/v2\/users\/1"}],"replies":[{"embeddable":true,"href":"https:\/\/patrishop.com\/eu\/wp-json\/wp\/v2\/comments?post=80"}],"version-history":[{"count":32,"href":"https:\/\/patrishop.com\/eu\/wp-json\/wp\/v2\/pages\/80\/revisions"}],"predecessor-version":[{"id":275,"href":"https:\/\/patrishop.com\/eu\/wp-json\/wp\/v2\/pages\/80\/revisions\/275"}],"wp:attachment":[{"href":"https:\/\/patrishop.com\/eu\/wp-json\/wp\/v2\/media?parent=80"}],"curies":[{"name":"wp","href":"https:\/\/api.w.org\/{rel}","templated":true}]}}