{"id":86,"date":"2026-01-29T16:05:19","date_gmt":"2026-01-29T16:05:19","guid":{"rendered":"https:\/\/patrishop.rkinformatika.online\/servicios\/"},"modified":"2026-02-02T16:54:07","modified_gmt":"2026-02-02T16:54:07","slug":"servicios","status":"publish","type":"page","link":"https:\/\/patrishop.com\/eu\/servicios\/","title":{"rendered":"Zerbitzuak"},"content":{"rendered":"<div data-elementor-type=\"wp-page\" data-elementor-id=\"86\" class=\"elementor elementor-86\" data-elementor-post-type=\"page\">\n\t\t\t\t<div class=\"elementor-element elementor-element-20ae955d e-con-full e-flex e-con e-parent\" data-id=\"20ae955d\" data-element_type=\"container\" data-e-type=\"container\" data-settings=\"{&quot;background_background&quot;:&quot;classic&quot;}\">\n\t\t<div class=\"elementor-element elementor-element-18c270bf e-con-full e-flex e-con e-child\" data-id=\"18c270bf\" data-element_type=\"container\" data-e-type=\"container\" data-settings=\"{&quot;background_background&quot;:&quot;classic&quot;}\">\n\t\t<div class=\"elementor-element elementor-element-4da0e007 e-con-full e-flex e-con e-child\" data-id=\"4da0e007\" data-element_type=\"container\" data-e-type=\"container\" data-settings=\"{&quot;background_background&quot;:&quot;classic&quot;}\">\n\t\t\t\t<div class=\"elementor-element elementor-element-52813273 elementor-widget elementor-widget-heading\" data-id=\"52813273\" data-element_type=\"widget\" data-e-type=\"widget\" data-widget_type=\"heading.default\">\n\t\t\t\t\t<h2 class=\"elementor-heading-title elementor-size-default\">NuestrOS SERVICIOS<\/h2>\t\t\t\t<\/div>\n\t\t\t\t<\/div>\n\t\t<div class=\"elementor-element elementor-element-316aa6ed e-con-full e-flex e-con e-child\" data-id=\"316aa6ed\" data-element_type=\"container\" data-e-type=\"container\" data-settings=\"{&quot;background_background&quot;:&quot;classic&quot;}\">\n\t\t<div class=\"elementor-element elementor-element-52286611 e-con-full e-flex e-con e-child\" data-id=\"52286611\" data-element_type=\"container\" data-e-type=\"container\">\n\t\t<div class=\"elementor-element elementor-element-1c568709 e-con-full e-flex e-con e-child\" data-id=\"1c568709\" data-element_type=\"container\" data-e-type=\"container\">\n\t\t<div class=\"elementor-element elementor-element-db91b9f e-con-full e-flex e-con e-child\" data-id=\"db91b9f\" data-element_type=\"container\" data-e-type=\"container\" data-settings=\"{&quot;background_background&quot;:&quot;classic&quot;}\">\n\t\t<div class=\"elementor-element elementor-element-19057a0d e-con-full e-flex e-con e-child\" data-id=\"19057a0d\" data-element_type=\"container\" data-e-type=\"container\" data-settings=\"{&quot;background_background&quot;:&quot;classic&quot;}\">\n\t\t\t\t<\/div>\n\t\t<div class=\"elementor-element elementor-element-188d4c50 e-con-full e-flex e-con e-child\" data-id=\"188d4c50\" data-element_type=\"container\" data-e-type=\"container\" data-settings=\"{&quot;background_background&quot;:&quot;classic&quot;}\">\n\t\t\t\t<div class=\"elementor-element elementor-element-3d4475d elementor-widget elementor-widget-heading\" data-id=\"3d4475d\" data-element_type=\"widget\" data-e-type=\"widget\" data-widget_type=\"heading.default\">\n\t\t\t\t\t<h2 class=\"elementor-heading-title elementor-size-default\">Ferreter\u00eda pr\u00e1ctica<\/h2>\t\t\t\t<\/div>\n\t\t\t\t<div class=\"elementor-element elementor-element-5019ed3 elementor-widget elementor-widget-text-editor\" data-id=\"5019ed3\" data-element_type=\"widget\" data-e-type=\"widget\" data-widget_type=\"text-editor.default\">\n\t\t\t\t\t\t\t\t\t<p data-start=\"195\" data-end=\"296\">Herramientas, tornillos, bombillas, pilas y todo lo necesario para arreglar lo que se rompe en casa sin dar vueltas por media ciudad.<\/p>\t\t\t\t\t\t\t\t<\/div>\n\t\t\t\t<\/div>\n\t\t\t\t<\/div>\n\t\t<div class=\"elementor-element elementor-element-72ff6715 e-con-full e-flex e-con e-child\" data-id=\"72ff6715\" data-element_type=\"container\" data-e-type=\"container\" data-settings=\"{&quot;background_background&quot;:&quot;classic&quot;}\">\n\t\t<div class=\"elementor-element elementor-element-ff94d91 e-con-full e-flex e-con e-child\" data-id=\"ff94d91\" data-element_type=\"container\" data-e-type=\"container\" data-settings=\"{&quot;background_background&quot;:&quot;classic&quot;}\">\n\t\t\t\t<\/div>\n\t\t<div class=\"elementor-element elementor-element-5c1236f1 e-con-full e-flex e-con e-child\" data-id=\"5c1236f1\" data-element_type=\"container\" data-e-type=\"container\" data-settings=\"{&quot;background_background&quot;:&quot;classic&quot;}\">\n\t\t\t\t<div class=\"elementor-element elementor-element-75587d5 elementor-widget elementor-widget-heading\" data-id=\"75587d5\" data-element_type=\"widget\" data-e-type=\"widget\" data-widget_type=\"heading.default\">\n\t\t\t\t\t<h2 class=\"elementor-heading-title elementor-size-default\">Art\u00edculos para el hogar<\/h2>\t\t\t\t<\/div>\n\t\t\t\t<div class=\"elementor-element elementor-element-4df90aab elementor-widget elementor-widget-text-editor\" data-id=\"4df90aab\" data-element_type=\"widget\" data-e-type=\"widget\" data-widget_type=\"text-editor.default\">\n\t\t\t\t\t\t\t\t\t<p data-start=\"412\" data-end=\"502\">Cosas \u00fatiles para el d\u00eda a d\u00eda que hacen tu casa m\u00e1s c\u00f3moda, ordenada y funcional.<\/p>\t\t\t\t\t\t\t\t<\/div>\n\t\t\t\t<\/div>\n\t\t\t\t<\/div>\n\t\t<div class=\"elementor-element elementor-element-6ec6df23 e-con-full e-flex e-con e-child\" data-id=\"6ec6df23\" data-element_type=\"container\" data-e-type=\"container\" data-settings=\"{&quot;background_background&quot;:&quot;classic&quot;}\">\n\t\t<div class=\"elementor-element elementor-element-20b1096f e-con-full e-flex e-con e-child\" data-id=\"20b1096f\" data-element_type=\"container\" data-e-type=\"container\" data-settings=\"{&quot;background_background&quot;:&quot;classic&quot;}\">\n\t\t\t\t<\/div>\n\t\t<div class=\"elementor-element elementor-element-6a4120ba e-con-full e-flex e-con e-child\" data-id=\"6a4120ba\" data-element_type=\"container\" data-e-type=\"container\" data-settings=\"{&quot;background_background&quot;:&quot;classic&quot;}\">\n\t\t\t\t<div class=\"elementor-element elementor-element-66a5bcad elementor-widget elementor-widget-heading\" data-id=\"66a5bcad\" data-element_type=\"widget\" data-e-type=\"widget\" data-widget_type=\"heading.default\">\n\t\t\t\t\t<h2 class=\"elementor-heading-title elementor-size-default\">Papeler\u00eda y material escolar<\/h2>\t\t\t\t<\/div>\n\t\t\t\t<div class=\"elementor-element elementor-element-77278698 elementor-widget elementor-widget-text-editor\" data-id=\"77278698\" data-element_type=\"widget\" data-e-type=\"widget\" data-widget_type=\"text-editor.default\">\n\t\t\t\t\t\t\t\t\t<p data-start=\"627\" data-end=\"727\">Cuadernos, bol\u00edgrafos, carpetas y material b\u00e1sico para el cole, la oficina o cualquier apuro de \u00faltima hora.<\/p>\t\t\t\t\t\t\t\t<\/div>\n\t\t\t\t<\/div>\n\t\t\t\t<\/div>\n\t\t<div class=\"elementor-element elementor-element-5e37fd7c e-con-full e-flex e-con e-child\" data-id=\"5e37fd7c\" data-element_type=\"container\" data-e-type=\"container\" data-settings=\"{&quot;background_background&quot;:&quot;classic&quot;}\">\n\t\t<div class=\"elementor-element elementor-element-5472478a e-con-full e-flex e-con e-child\" data-id=\"5472478a\" data-element_type=\"container\" data-e-type=\"container\" data-settings=\"{&quot;background_background&quot;:&quot;classic&quot;}\">\n\t\t\t\t<\/div>\n\t\t<div class=\"elementor-element elementor-element-481d7258 e-con-full e-flex e-con e-child\" data-id=\"481d7258\" data-element_type=\"container\" data-e-type=\"container\" data-settings=\"{&quot;background_background&quot;:&quot;classic&quot;}\">\n\t\t\t\t<div class=\"elementor-element elementor-element-1e769acf elementor-widget elementor-widget-heading\" data-id=\"1e769acf\" data-element_type=\"widget\" data-e-type=\"widget\" data-widget_type=\"heading.default\">\n\t\t\t\t\t<h2 class=\"elementor-heading-title elementor-size-default\">Productos de uso diario<\/h2>\t\t\t\t<\/div>\n\t\t\t\t<div class=\"elementor-element elementor-element-11e6b716 elementor-widget elementor-widget-text-editor\" data-id=\"11e6b716\" data-element_type=\"widget\" data-e-type=\"widget\" data-widget_type=\"text-editor.default\">\n\t\t\t\t\t\t\t\t\t<p data-start=\"840\" data-end=\"941\">Peque\u00f1os imprescindibles que siempre necesitas y nunca encuentras cuando m\u00e1s falta hacen.<\/p>\t\t\t\t\t\t\t\t<\/div>\n\t\t\t\t<\/div>\n\t\t\t\t<\/div>\n\t\t<div class=\"elementor-element elementor-element-7ec26173 e-con-full e-flex e-con e-child\" data-id=\"7ec26173\" data-element_type=\"container\" data-e-type=\"container\" data-settings=\"{&quot;background_background&quot;:&quot;classic&quot;}\">\n\t\t<div class=\"elementor-element elementor-element-18bfe915 e-con-full e-flex e-con e-child\" data-id=\"18bfe915\" data-element_type=\"container\" data-e-type=\"container\" data-settings=\"{&quot;background_background&quot;:&quot;classic&quot;}\">\n\t\t\t\t<\/div>\n\t\t<div class=\"elementor-element elementor-element-9de6dd e-con-full e-flex e-con e-child\" data-id=\"9de6dd\" data-element_type=\"container\" data-e-type=\"container\" data-settings=\"{&quot;background_background&quot;:&quot;classic&quot;}\">\n\t\t\t\t<div class=\"elementor-element elementor-element-55fa9ac0 elementor-widget elementor-widget-heading\" data-id=\"55fa9ac0\" data-element_type=\"widget\" data-e-type=\"widget\" data-widget_type=\"heading.default\">\n\t\t\t\t\t<h2 class=\"elementor-heading-title elementor-size-default\">Alimentaci\u00f3n y snacks<\/h2>\t\t\t\t<\/div>\n\t\t\t\t<div class=\"elementor-element elementor-element-8708069 elementor-widget elementor-widget-text-editor\" data-id=\"8708069\" data-element_type=\"widget\" data-e-type=\"widget\" data-widget_type=\"text-editor.default\">\n\t\t\t\t\t\t\t\t\t<p data-start=\"1053\" data-end=\"1138\">Galletas, bebidas, dulces y tentempi\u00e9s para cuando necesitas algo r\u00e1pido sin ir al supermercado.<\/p>\t\t\t\t\t\t\t\t<\/div>\n\t\t\t\t<\/div>\n\t\t\t\t<\/div>\n\t\t<div class=\"elementor-element elementor-element-386bf9e e-con-full e-flex e-con e-child\" data-id=\"386bf9e\" data-element_type=\"container\" data-e-type=\"container\" data-settings=\"{&quot;background_background&quot;:&quot;classic&quot;}\">\n\t\t<div class=\"elementor-element elementor-element-437c0c32 e-con-full e-flex e-con e-child\" data-id=\"437c0c32\" data-element_type=\"container\" data-e-type=\"container\" data-settings=\"{&quot;background_background&quot;:&quot;classic&quot;}\">\n\t\t\t\t<\/div>\n\t\t<div class=\"elementor-element elementor-element-256ddb82 e-con-full e-flex e-con e-child\" data-id=\"256ddb82\" data-element_type=\"container\" data-e-type=\"container\" data-settings=\"{&quot;background_background&quot;:&quot;classic&quot;}\">\n\t\t\t\t<div class=\"elementor-element elementor-element-73e05b57 elementor-widget elementor-widget-heading\" data-id=\"73e05b57\" data-element_type=\"widget\" data-e-type=\"widget\" data-widget_type=\"heading.default\">\n\t\t\t\t\t<h2 class=\"elementor-heading-title elementor-size-default\">Un poco de todo, para todos<\/h2>\t\t\t\t<\/div>\n\t\t\t\t<div class=\"elementor-element elementor-element-4c8c8686 elementor-widget elementor-widget-text-editor\" data-id=\"4c8c8686\" data-element_type=\"widget\" data-e-type=\"widget\" data-widget_type=\"text-editor.default\">\n\t\t\t\t\t\t\t\t\t<p>Esa mezcla tan \u00fatil que solo encuentras en la tienda del barrio, donde siempre hay algo que te saca del apuro.<\/p>\t\t\t\t\t\t\t\t<\/div>\n\t\t\t\t<\/div>\n\t\t\t\t<\/div>\n\t\t\t\t<\/div>\n\t\t\t\t<\/div>\n\t\t\t\t<\/div>\n\t\t\t\t<\/div>\n\t\t\t\t<\/div>\n\t\t\t\t<\/div>","protected":false},"excerpt":{"rendered":"<p>NuestrOS SERVICIOS Ferreter\u00eda pr\u00e1ctica Herramientas, tornillos, bombillas, pilas y todo lo necesario para arreglar lo que se rompe en casa sin dar vueltas por media ciudad. Art\u00edculos para el hogar Cosas \u00fatiles para el d\u00eda a d\u00eda que hacen tu casa m\u00e1s c\u00f3moda, ordenada y funcional. Papeler\u00eda y material escolar Cuadernos, bol\u00edgrafos, carpetas y material [&hellip;]<\/p>\n","protected":false},"author":1,"featured_media":0,"parent":0,"menu_order":0,"comment_status":"closed","ping_status":"closed","template":"elementor_canvas","meta":{"footnotes":""},"class_list":["post-86","page","type-page","status-publish","hentry"],"yoast_head":"<!-- This site is optimized with the Yoast SEO plugin v27.4 - https:\/\/yoast.com\/product\/yoast-seo-wordpress\/ -->\n<title>Servicios - PatriShop<\/title>\n<meta name=\"robots\" content=\"index, follow, max-snippet:-1, max-image-preview:large, max-video-preview:-1\" \/>\n<link rel=\"canonical\" href=\"https:\/\/patrishop.com\/eu\/servicios\/\" \/>\n<meta property=\"og:locale\" content=\"en_US\" \/>\n<meta property=\"og:type\" content=\"article\" \/>\n<meta property=\"og:title\" content=\"Servicios - PatriShop\" \/>\n<meta property=\"og:description\" content=\"NuestrOS SERVICIOS Ferreter\u00eda pr\u00e1ctica Herramientas, tornillos, bombillas, pilas y todo lo necesario para arreglar lo que se rompe en casa sin dar vueltas por media ciudad. Art\u00edculos para el hogar Cosas \u00fatiles para el d\u00eda a d\u00eda que hacen tu casa m\u00e1s c\u00f3moda, ordenada y funcional. Papeler\u00eda y material escolar Cuadernos, bol\u00edgrafos, carpetas y material [&hellip;]\" \/>\n<meta property=\"og:url\" content=\"https:\/\/patrishop.com\/eu\/servicios\/\" \/>\n<meta property=\"og:site_name\" content=\"PatriShop\" \/>\n<meta property=\"article:modified_time\" content=\"2026-02-02T16:54:07+00:00\" \/>\n<meta name=\"twitter:card\" content=\"summary_large_image\" \/>\n<meta name=\"twitter:label1\" content=\"Est. reading time\" \/>\n\t<meta name=\"twitter:data1\" content=\"1 minutua\" \/>\n<script type=\"application\/ld+json\" class=\"yoast-schema-graph\">{\"@context\":\"https:\\\/\\\/schema.org\",\"@graph\":[{\"@type\":\"WebPage\",\"@id\":\"https:\\\/\\\/patrishop.com\\\/servicios\\\/\",\"url\":\"https:\\\/\\\/patrishop.com\\\/servicios\\\/\",\"name\":\"Servicios - PatriShop\",\"isPartOf\":{\"@id\":\"https:\\\/\\\/patrishop.com\\\/#website\"},\"datePublished\":\"2026-01-29T16:05:19+00:00\",\"dateModified\":\"2026-02-02T16:54:07+00:00\",\"breadcrumb\":{\"@id\":\"https:\\\/\\\/patrishop.com\\\/servicios\\\/#breadcrumb\"},\"inLanguage\":\"eu\",\"potentialAction\":[{\"@type\":\"ReadAction\",\"target\":[\"https:\\\/\\\/patrishop.com\\\/servicios\\\/\"]}]},{\"@type\":\"BreadcrumbList\",\"@id\":\"https:\\\/\\\/patrishop.com\\\/servicios\\\/#breadcrumb\",\"itemListElement\":[{\"@type\":\"ListItem\",\"position\":1,\"name\":\"Portada\",\"item\":\"https:\\\/\\\/patrishop.com\\\/\"},{\"@type\":\"ListItem\",\"position\":2,\"name\":\"Servicios\"}]},{\"@type\":\"WebSite\",\"@id\":\"https:\\\/\\\/patrishop.com\\\/#website\",\"url\":\"https:\\\/\\\/patrishop.com\\\/\",\"name\":\"PatriShop\",\"description\":\"\",\"publisher\":{\"@id\":\"https:\\\/\\\/patrishop.com\\\/#organization\"},\"potentialAction\":[{\"@type\":\"SearchAction\",\"target\":{\"@type\":\"EntryPoint\",\"urlTemplate\":\"https:\\\/\\\/patrishop.com\\\/?s={search_term_string}\"},\"query-input\":{\"@type\":\"PropertyValueSpecification\",\"valueRequired\":true,\"valueName\":\"search_term_string\"}}],\"inLanguage\":\"eu\"},{\"@type\":\"Organization\",\"@id\":\"https:\\\/\\\/patrishop.com\\\/#organization\",\"name\":\"PatriShop\",\"url\":\"https:\\\/\\\/patrishop.com\\\/\",\"logo\":{\"@type\":\"ImageObject\",\"inLanguage\":\"eu\",\"@id\":\"https:\\\/\\\/patrishop.com\\\/#\\\/schema\\\/logo\\\/image\\\/\",\"url\":\"https:\\\/\\\/patrishop.com\\\/wp-content\\\/uploads\\\/2026\\\/01\\\/cropped-xiaojunwusanturtzi202506_logo_web.png\",\"contentUrl\":\"https:\\\/\\\/patrishop.com\\\/wp-content\\\/uploads\\\/2026\\\/01\\\/cropped-xiaojunwusanturtzi202506_logo_web.png\",\"width\":2248,\"height\":783,\"caption\":\"PatriShop\"},\"image\":{\"@id\":\"https:\\\/\\\/patrishop.com\\\/#\\\/schema\\\/logo\\\/image\\\/\"}}]}<\/script>\n<!-- \/ Yoast SEO plugin. -->","yoast_head_json":{"title":"Servicios - PatriShop","robots":{"index":"index","follow":"follow","max-snippet":"max-snippet:-1","max-image-preview":"max-image-preview:large","max-video-preview":"max-video-preview:-1"},"canonical":"https:\/\/patrishop.com\/eu\/servicios\/","og_locale":"en_US","og_type":"article","og_title":"Servicios - PatriShop","og_description":"NuestrOS SERVICIOS Ferreter\u00eda pr\u00e1ctica Herramientas, tornillos, bombillas, pilas y todo lo necesario para arreglar lo que se rompe en casa sin dar vueltas por media ciudad. Art\u00edculos para el hogar Cosas \u00fatiles para el d\u00eda a d\u00eda que hacen tu casa m\u00e1s c\u00f3moda, ordenada y funcional. Papeler\u00eda y material escolar Cuadernos, bol\u00edgrafos, carpetas y material [&hellip;]","og_url":"https:\/\/patrishop.com\/eu\/servicios\/","og_site_name":"PatriShop","article_modified_time":"2026-02-02T16:54:07+00:00","twitter_card":"summary_large_image","twitter_misc":{"Est. reading time":"1 minutua"},"schema":{"@context":"https:\/\/schema.org","@graph":[{"@type":"WebPage","@id":"https:\/\/patrishop.com\/servicios\/","url":"https:\/\/patrishop.com\/servicios\/","name":"Servicios - PatriShop","isPartOf":{"@id":"https:\/\/patrishop.com\/#website"},"datePublished":"2026-01-29T16:05:19+00:00","dateModified":"2026-02-02T16:54:07+00:00","breadcrumb":{"@id":"https:\/\/patrishop.com\/servicios\/#breadcrumb"},"inLanguage":"eu","potentialAction":[{"@type":"ReadAction","target":["https:\/\/patrishop.com\/servicios\/"]}]},{"@type":"BreadcrumbList","@id":"https:\/\/patrishop.com\/servicios\/#breadcrumb","itemListElement":[{"@type":"ListItem","position":1,"name":"Portada","item":"https:\/\/patrishop.com\/"},{"@type":"ListItem","position":2,"name":"Servicios"}]},{"@type":"WebSite","@id":"https:\/\/patrishop.com\/#website","url":"https:\/\/patrishop.com\/","name":"PatriShop","description":"","publisher":{"@id":"https:\/\/patrishop.com\/#organization"},"potentialAction":[{"@type":"SearchAction","target":{"@type":"EntryPoint","urlTemplate":"https:\/\/patrishop.com\/?s={search_term_string}"},"query-input":{"@type":"PropertyValueSpecification","valueRequired":true,"valueName":"search_term_string"}}],"inLanguage":"eu"},{"@type":"Organization","@id":"https:\/\/patrishop.com\/#organization","name":"PatriShop","url":"https:\/\/patrishop.com\/","logo":{"@type":"ImageObject","inLanguage":"eu","@id":"https:\/\/patrishop.com\/#\/schema\/logo\/image\/","url":"https:\/\/patrishop.com\/wp-content\/uploads\/2026\/01\/cropped-xiaojunwusanturtzi202506_logo_web.png","contentUrl":"https:\/\/patrishop.com\/wp-content\/uploads\/2026\/01\/cropped-xiaojunwusanturtzi202506_logo_web.png","width":2248,"height":783,"caption":"PatriShop"},"image":{"@id":"https:\/\/patrishop.com\/#\/schema\/logo\/image\/"}}]}},"_links":{"self":[{"href":"https:\/\/patrishop.com\/eu\/wp-json\/wp\/v2\/pages\/86","targetHints":{"allow":["GET"]}}],"collection":[{"href":"https:\/\/patrishop.com\/eu\/wp-json\/wp\/v2\/pages"}],"about":[{"href":"https:\/\/patrishop.com\/eu\/wp-json\/wp\/v2\/types\/page"}],"author":[{"embeddable":true,"href":"https:\/\/patrishop.com\/eu\/wp-json\/wp\/v2\/users\/1"}],"replies":[{"embeddable":true,"href":"https:\/\/patrishop.com\/eu\/wp-json\/wp\/v2\/comments?post=86"}],"version-history":[{"count":22,"href":"https:\/\/patrishop.com\/eu\/wp-json\/wp\/v2\/pages\/86\/revisions"}],"predecessor-version":[{"id":261,"href":"https:\/\/patrishop.com\/eu\/wp-json\/wp\/v2\/pages\/86\/revisions\/261"}],"wp:attachment":[{"href":"https:\/\/patrishop.com\/eu\/wp-json\/wp\/v2\/media?parent=86"}],"curies":[{"name":"wp","href":"https:\/\/api.w.org\/{rel}","templated":true}]}}